{"id":5615,"date":"2023-02-03T09:55:40","date_gmt":"2023-02-03T08:55:40","guid":{"rendered":"https:\/\/www.gotosito.it\/?page_id=5615"},"modified":"2023-02-03T11:28:03","modified_gmt":"2023-02-03T10:28:03","slug":"fly-drive-explosion-der-farben","status":"publish","type":"page","link":"https:\/\/www.gotosito.it\/index.php\/de\/fly-drive-explosion-der-farben\/","title":{"rendered":"Fly &#038; Drive &#8211; Explosion der Farben"},"content":{"rendered":"\t\t<div data-elementor-type=\"wp-page\" data-elementor-id=\"5615\" class=\"elementor elementor-5615\">\n\t\t\t\t\t\t<section class=\"elementor-section elementor-top-section elementor-element elementor-element-2944715 elementor-section-boxed elementor-section-height-default elementor-section-height-default\" data-id=\"2944715\" data-element_type=\"section\" data-e-type=\"section\">\n\t\t\t\t\t\t<div class=\"elementor-container elementor-column-gap-default\">\n\t\t\t\t\t<div class=\"elementor-column elementor-col-50 elementor-top-column elementor-element elementor-element-7158350\" data-id=\"7158350\" data-element_type=\"column\" data-e-type=\"column\">\n\t\t\t<div class=\"elementor-widget-wrap elementor-element-populated\">\n\t\t\t\t\t\t<div class=\"elementor-element elementor-element-dd3d4d7 elementor-align-justify elementor-widget elementor-widget-button\" data-id=\"dd3d4d7\" data-element_type=\"widget\" data-e-type=\"widget\" data-widget_type=\"button.default\">\n\t\t\t\t<div class=\"elementor-widget-container\">\n\t\t\t\t\t\t\t\t\t<div class=\"elementor-button-wrapper\">\n\t\t\t\t\t<a class=\"elementor-button elementor-button-link elementor-size-xl\" href=\"https:\/\/www.gotosito.it\/wp-content\/uploads\/2023\/02\/Explosion-der-Farben-FlyDrive-PALERMO-PALERMO-1.pdf\" target=\"_blank\">\n\t\t\t\t\t\t<span class=\"elementor-button-content-wrapper\">\n\t\t\t\t\t\t\t\t\t<span class=\"elementor-button-text\">Klicken Sie hier f\u00fcr das Tourprogramm von PALERMO oder TRAPANI<\/span>\n\t\t\t\t\t<\/span>\n\t\t\t\t\t<\/a>\n\t\t\t\t<\/div>\n\t\t\t\t\t\t\t\t<\/div>\n\t\t\t\t<\/div>\n\t\t\t\t\t<\/div>\n\t\t<\/div>\n\t\t\t\t<div class=\"elementor-column elementor-col-50 elementor-top-column elementor-element elementor-element-e7c8314\" data-id=\"e7c8314\" data-element_type=\"column\" data-e-type=\"column\">\n\t\t\t<div class=\"elementor-widget-wrap elementor-element-populated\">\n\t\t\t\t\t\t<div class=\"elementor-element elementor-element-fe08163 elementor-align-justify elementor-widget elementor-widget-button\" data-id=\"fe08163\" data-element_type=\"widget\" data-e-type=\"widget\" data-widget_type=\"button.default\">\n\t\t\t\t<div class=\"elementor-widget-container\">\n\t\t\t\t\t\t\t\t\t<div class=\"elementor-button-wrapper\">\n\t\t\t\t\t<a class=\"elementor-button elementor-button-link elementor-size-xl\" href=\"https:\/\/www.gotosito.it\/wp-content\/uploads\/2023\/02\/Explosion-der-Farben-Fly-Drive-Catania.pdf\" target=\"_blank\">\n\t\t\t\t\t\t<span class=\"elementor-button-content-wrapper\">\n\t\t\t\t\t\t\t\t\t<span class=\"elementor-button-text\">Klicken Sie hier f\u00fcr das Tourprogramm von CATANIA<\/span>\n\t\t\t\t\t<\/span>\n\t\t\t\t\t<\/a>\n\t\t\t\t<\/div>\n\t\t\t\t\t\t\t\t<\/div>\n\t\t\t\t<\/div>\n\t\t\t\t\t<\/div>\n\t\t<\/div>\n\t\t\t\t\t<\/div>\n\t\t<\/section>\n\t\t\t\t<section class=\"elementor-section elementor-top-section elementor-element elementor-element-bfaa898 elementor-section-boxed elementor-section-height-default elementor-section-height-default\" data-id=\"bfaa898\" data-element_type=\"section\" data-e-type=\"section\">\n\t\t\t\t\t\t<div class=\"elementor-container elementor-column-gap-default\">\n\t\t\t\t\t<div class=\"elementor-column elementor-col-100 elementor-top-column elementor-element elementor-element-851119e\" data-id=\"851119e\" data-element_type=\"column\" data-e-type=\"column\">\n\t\t\t<div class=\"elementor-widget-wrap elementor-element-populated\">\n\t\t\t\t\t\t<div class=\"elementor-element elementor-element-6fa26c6 elementor-widget elementor-widget-text-editor\" data-id=\"6fa26c6\" data-element_type=\"widget\" data-e-type=\"widget\" data-widget_type=\"text-editor.default\">\n\t\t\t\t<div class=\"elementor-widget-container\">\n\t\t\t\t\t\t\t\t\t<h1>Fly &amp; Drive ab 510,00\u20ac pro Person!<\/h1><h3>Zusammen mit <strong><img decoding=\"async\" class=\"alignnone size-full wp-image-5548\" src=\"https:\/\/www.gotosito.it\/wp-content\/uploads\/2023\/01\/logo_avis.png\" alt=\"\" width=\"146\" height=\"50\" \/><\/strong><\/h3>\t\t\t\t\t\t\t\t<\/div>\n\t\t\t\t<\/div>\n\t\t\t\t\t<\/div>\n\t\t<\/div>\n\t\t\t\t\t<\/div>\n\t\t<\/section>\n\t\t\t\t<section class=\"elementor-section elementor-top-section elementor-element elementor-element-b2d4aba elementor-section-boxed elementor-section-height-default elementor-section-height-default\" data-id=\"b2d4aba\" data-element_type=\"section\" data-e-type=\"section\">\n\t\t\t\t\t\t<div class=\"elementor-container elementor-column-gap-default\">\n\t\t\t\t\t<div class=\"elementor-column elementor-col-50 elementor-top-column elementor-element elementor-element-e308fda\" data-id=\"e308fda\" data-element_type=\"column\" data-e-type=\"column\">\n\t\t\t<div class=\"elementor-widget-wrap elementor-element-populated\">\n\t\t\t\t\t\t<div class=\"elementor-element elementor-element-610a3f0 elementor-widget elementor-widget-text-editor\" data-id=\"610a3f0\" data-element_type=\"widget\" data-e-type=\"widget\" data-widget_type=\"text-editor.default\">\n\t\t\t\t<div class=\"elementor-widget-container\">\n\t\t\t\t\t\t\t\t\t<h5>Enthaltene Leistungen<\/h5><ul><li>Mietwagen der gew\u00e4hlten Fahrzeugklasse auf Sizilien<\/li><li>Mietwagenpaket mit unbegrenzten Freikilometern und Vollkaskoversicherung<\/li><li>3 N\u00e4chte in Riposto: Standard Zimmer im 4* l\u2019Hotel Yachting Palace oder gleichwertig inkl. Halbpension<\/li><li>1 Nacht in Selinunte: Standard Zimmer im 4* Admeto\/Althea oder gleichwertig inkl. Halbpension<\/li><li>2 N\u00e4chte in Trabia: Standard Zimmer im 4* Hotel Tonnara oder gleichwertig inkl. Halbpension<\/li><li>24-Stunden-Notfallhotline w\u00e4hrend der gesamten Reise<\/li><\/ul><h5>Nicht enthaltene Leistungen<\/h5><ul><li>Ausgaben pers\u00f6nlicher Art<\/li><li>\u00d6rtliche Steuern und Geb\u00fchren<\/li><li>Mietwagenkaution (vor Ort per Kreditkarte zu hinterlegen)<\/li><li>Kraftstoff, Park- und Mautgeb\u00fchren, Bu\u00dfgelder bei evtl. Verkehrsverst\u00f6\u00dfen<\/li><li>Eintrittsgelder<\/li><li>Visageb\u00fchren<\/li><li>City Tax<\/li><\/ul>\t\t\t\t\t\t\t\t<\/div>\n\t\t\t\t<\/div>\n\t\t\t\t\t<\/div>\n\t\t<\/div>\n\t\t\t\t<div class=\"elementor-column elementor-col-50 elementor-top-column elementor-element elementor-element-d84745a\" data-id=\"d84745a\" data-element_type=\"column\" data-e-type=\"column\">\n\t\t\t<div class=\"elementor-widget-wrap elementor-element-populated\">\n\t\t\t\t\t\t<div class=\"elementor-element elementor-element-3d77799 elementor-widget elementor-widget-image\" data-id=\"3d77799\" data-element_type=\"widget\" data-e-type=\"widget\" data-widget_type=\"image.default\">\n\t\t\t\t<div class=\"elementor-widget-container\">\n\t\t\t\t\t\t\t\t\t\t\t\t\t\t\t<img fetchpriority=\"high\" decoding=\"async\" width=\"640\" height=\"429\" src=\"https:\/\/www.gotosito.it\/wp-content\/uploads\/2023\/01\/Esplosione-di-Colori-FlyDrive-itinerario-consigliato-1.png\" class=\"attachment-large size-large wp-image-5552\" alt=\"\" srcset=\"https:\/\/www.gotosito.it\/wp-content\/uploads\/2023\/01\/Esplosione-di-Colori-FlyDrive-itinerario-consigliato-1.png 735w, https:\/\/www.gotosito.it\/wp-content\/uploads\/2023\/01\/Esplosione-di-Colori-FlyDrive-itinerario-consigliato-1-300x201.png 300w\" sizes=\"(max-width: 640px) 100vw, 640px\" \/>\t\t\t\t\t\t\t\t\t\t\t\t\t\t\t<\/div>\n\t\t\t\t<\/div>\n\t\t\t\t\t<\/div>\n\t\t<\/div>\n\t\t\t\t\t<\/div>\n\t\t<\/section>\n\t\t\t\t<section class=\"elementor-section elementor-top-section elementor-element elementor-element-100f328 elementor-section-boxed elementor-section-height-default elementor-section-height-default\" data-id=\"100f328\" data-element_type=\"section\" data-e-type=\"section\">\n\t\t\t\t\t\t<div class=\"elementor-container elementor-column-gap-default\">\n\t\t\t\t\t<div class=\"elementor-column elementor-col-100 elementor-top-column elementor-element elementor-element-cf9bbb7\" data-id=\"cf9bbb7\" data-element_type=\"column\" data-e-type=\"column\">\n\t\t\t<div class=\"elementor-widget-wrap elementor-element-populated\">\n\t\t\t\t\t\t<div class=\"elementor-element elementor-element-3cc9663 elementor-widget elementor-widget-text-editor\" data-id=\"3cc9663\" data-element_type=\"widget\" data-e-type=\"widget\" data-widget_type=\"text-editor.default\">\n\t\t\t\t<div class=\"elementor-widget-container\">\n\t\t\t\t\t\t\t\t\t<h2>Info &amp; Reservierung: booking@gotosito.it<\/h2><h3>\u00a0<\/h3><h3>Preis pro Person<\/h3><table><tbody><tr><td><p><strong>Termine &amp; Preise<\/strong><\/p><\/td><td><p><strong>\u20ac<\/strong><\/p><\/td><td><p><strong>A<\/strong><\/p><\/td><td><p><strong>B<\/strong><\/p><\/td><td><p><strong>C<\/strong><\/p><\/td><\/tr><tr><td><p>2 Personen im Auto<\/p><\/td><td><p>\u20ac<\/p><\/td><td><p>510,00<\/p><\/td><td><p>549,00<\/p><\/td><td><p>590,00<\/p><\/td><\/tr><tr><td><p>3 Personen im Auto (Dreibettzimmer)<\/p><\/td><td><p>\u20ac<\/p><\/td><td><p>445,00<\/p><\/td><td><p>469,00<\/p><\/td><td><p>499,00<\/p><\/td><\/tr><tr><td><p>4 Personen im Auto (Vierbettzimmer)<\/p><\/td><td><p>\u20ac<\/p><\/td><td><p>402,00<\/p><\/td><td><p>422,00<\/p><\/td><td><p>442,00<\/p><\/td><\/tr><tr><td><p>Einzelzimmerzuschlag<\/p><\/td><td><p>\u20ac<\/p><\/td><td><p>200,00<\/p><\/td><td><p>250,00<\/p><\/td><td><p>300,00<\/p><\/td><\/tr><\/tbody><\/table><p><strong>Termin \u00a0A<\/strong>: 1 November \u2013 14 Dezember 2023; 2 Januar \u2013 21 M\u00e4rz \u00a02024<\/p><p><strong>Termin B<\/strong>: 14 April \u2013 7 Juli 2023; 21 August \u2013 31 Oktober 2023<\/p><p><strong>Termin C<\/strong>: 1-13 April 2023, 8 Juli \u2013 20 August 2023, 18 Dezember 2023 \u2013 1 Januar 2024<\/p><table><tbody><tr><td><p><strong>Zuschlag andere Auto Kategorien<\/strong><\/p><\/td><td><p><strong>\u20ac<\/strong><\/p><\/td><td><p><strong>Termin A<\/strong><\/p><\/td><td><p><strong>Termin B<\/strong><\/p><\/td><td><p><strong>Termin C<\/strong><\/p><\/td><\/tr><tr><td><p>Auto Kat. B ( Lancia Ypsilon)<\/p><\/td><td><p>\u20ac<\/p><\/td><td><p>50,00<\/p><\/td><td><p>65,00<\/p><\/td><td><p>72,00<\/p><\/td><\/tr><tr><td><p>Auto Kat. C ( Opel Corsa)<\/p><\/td><td><p>\u20ac<\/p><\/td><td><p>64,00<\/p><\/td><td><p>105,00<\/p><\/td><td><p>125,00<\/p><\/td><\/tr><tr><td><p>Auto Kat. D ( Fiat 500X)<\/p><\/td><td><p>\u20ac<\/p><\/td><td><p>99,00<\/p><\/td><td><p>110,00<\/p><\/td><td><p>135,00<\/p><\/td><\/tr><tr><td><p>Auto Kat. E ( Fiat 500 Electric)<\/p><\/td><td><p>\u20ac<\/p><\/td><td><p>155,00<\/p><\/td><td><p>175,00<\/p><\/td><td><p>215,00<\/p><\/td><\/tr><tr><td><p>Auto Kat. F ( Jeep Renegade)<\/p><\/td><td><p>\u20ac<\/p><\/td><td><p>150,00<\/p><\/td><td><p>170,00<\/p><\/td><td><p>215,00<\/p><\/td><\/tr><tr><td><p>Auto Kat. G ( Volkswagen T-Roc)<\/p><\/td><td><p>\u20ac<\/p><\/td><td><p>250,00<\/p><\/td><td><p>306,00<\/p><\/td><td><p>379,00<\/p><\/td><\/tr><tr><td><p>Auto Kat. H ( Mercedes-Benz-C-Class)<\/p><\/td><td><p>\u20ac<\/p><\/td><td><p>352,00<\/p><\/td><td><p>425,00<\/p><\/td><td><p>534,00<\/p><\/td><\/tr><tr><td><p>Auto Kat. I ( Toyota C-HR)<\/p><\/td><td><p>\u20ac<\/p><\/td><td><p>150,00<\/p><\/td><td><p>165,00<\/p><\/td><td><p>210,00<\/p><\/td><\/tr><tr><td><p>Auto Kat. J ( Renault Clio)<\/p><\/td><td><p>\u20ac<\/p><\/td><td><p>105,00<\/p><\/td><td><p>120,00<\/p><\/td><td><p>140,00<\/p><\/td><\/tr><tr><td><p>Auto Kat. K ( Mercedes-Benz-B-Class)<\/p><\/td><td><p>\u20ac<\/p><\/td><td><p>370,00<\/p><\/td><td><p>455,00<\/p><\/td><td><p>554,00<\/p><\/td><\/tr><tr><td><p>Auto Kat. L ( Mercedes-Benz-E-Class)<\/p><\/td><td><p>\u20ac<\/p><\/td><td><p>587,00<\/p><\/td><td><p>722,00<\/p><\/td><td><p>893,00<\/p><\/td><\/tr><\/tbody><\/table><p>Kindersitz auf Anfrage<\/p>\t\t\t\t\t\t\t\t<\/div>\n\t\t\t\t<\/div>\n\t\t\t\t\t<\/div>\n\t\t<\/div>\n\t\t\t\t\t<\/div>\n\t\t<\/section>\n\t\t\t\t<\/div>\n\t\t","protected":false},"excerpt":{"rendered":"<p>Klicken Sie hier f\u00fcr das Tourprogramm von PALERMO oder TRAPANI Klicken Sie hier f\u00fcr das Tourprogramm von CATANIA Fly &amp; Drive ab 510,00\u20ac pro Person! Zusammen mit Enthaltene Leistungen Mietwagen der gew\u00e4hlten Fahrzeugklasse auf Sizilien Mietwagenpaket mit unbegrenzten Freikilometern und Vollkaskoversicherung 3 N\u00e4chte in Riposto: Standard Zimmer im 4* l\u2019Hotel Yachting Palace oder gleichwertig inkl. [&hellip;]<\/p>\n","protected":false},"author":1,"featured_media":5616,"parent":0,"menu_order":0,"comment_status":"closed","ping_status":"closed","template":"","meta":{"footnotes":""},"class_list":["post-5615","page","type-page","status-publish","has-post-thumbnail","hentry"],"_links":{"self":[{"href":"https:\/\/www.gotosito.it\/index.php\/wp-json\/wp\/v2\/pages\/5615","targetHints":{"allow":["GET"]}}],"collection":[{"href":"https:\/\/www.gotosito.it\/index.php\/wp-json\/wp\/v2\/pages"}],"about":[{"href":"https:\/\/www.gotosito.it\/index.php\/wp-json\/wp\/v2\/types\/page"}],"author":[{"embeddable":true,"href":"https:\/\/www.gotosito.it\/index.php\/wp-json\/wp\/v2\/users\/1"}],"replies":[{"embeddable":true,"href":"https:\/\/www.gotosito.it\/index.php\/wp-json\/wp\/v2\/comments?post=5615"}],"version-history":[{"count":13,"href":"https:\/\/www.gotosito.it\/index.php\/wp-json\/wp\/v2\/pages\/5615\/revisions"}],"predecessor-version":[{"id":5646,"href":"https:\/\/www.gotosito.it\/index.php\/wp-json\/wp\/v2\/pages\/5615\/revisions\/5646"}],"wp:featuredmedia":[{"embeddable":true,"href":"https:\/\/www.gotosito.it\/index.php\/wp-json\/wp\/v2\/media\/5616"}],"wp:attachment":[{"href":"https:\/\/www.gotosito.it\/index.php\/wp-json\/wp\/v2\/media?parent=5615"}],"curies":[{"name":"wp","href":"https:\/\/api.w.org\/{rel}","templated":true}]}}