{"id":4877,"date":"2022-09-30T12:33:26","date_gmt":"2022-09-30T10:33:26","guid":{"rendered":"https:\/\/www.gotosito.it\/?page_id=4877"},"modified":"2022-11-02T13:50:11","modified_gmt":"2022-11-02T12:50:11","slug":"la-cosa-mas-importante-de-un-viaje-no-es-su-destino-sino-el-viaje-mismo","status":"publish","type":"page","link":"https:\/\/www.gotosito.it\/index.php\/es\/la-cosa-mas-importante-de-un-viaje-no-es-su-destino-sino-el-viaje-mismo\/","title":{"rendered":"\u00a1La cosa m\u00e1s importante de un viaje no es su destino, sino el viaje mismo!"},"content":{"rendered":"\t\t<div data-elementor-type=\"wp-page\" data-elementor-id=\"4877\" class=\"elementor elementor-4877\">\n\t\t\t\t\t\t<section class=\"elementor-section elementor-top-section elementor-element elementor-element-6a12f34 elementor-section-full_width elementor-section-height-default elementor-section-height-default\" data-id=\"6a12f34\" data-element_type=\"section\" data-e-type=\"section\">\n\t\t\t\t\t\t<div class=\"elementor-container elementor-column-gap-no\">\n\t\t\t\t\t<div class=\"elementor-column elementor-col-100 elementor-top-column elementor-element elementor-element-6879e56\" data-id=\"6879e56\" data-element_type=\"column\" data-e-type=\"column\">\n\t\t\t<div class=\"elementor-widget-wrap elementor-element-populated\">\n\t\t\t\t\t\t<div class=\"elementor-element elementor-element-ff5a9f3 elementor-widget elementor-widget-homepro_mission\" data-id=\"ff5a9f3\" data-element_type=\"widget\" data-e-type=\"widget\" data-widget_type=\"homepro_mission.default\">\n\t\t\t\t<div class=\"elementor-widget-container\">\n\t\t\t\t\t        <!--Start Our Mission Area-->\n        <section class=\"mission-area\">\n            <div class=\"round-shape-box \">\n                <img fetchpriority=\"high\" decoding=\"async\" width=\"872\" height=\"1684\" src=\"https:\/\/www.gotosito.it\/wp-content\/uploads\/2021\/09\/shape-round-7.png\" class=\"attachment-full size-full\" alt=\"\" \/>            <\/div>\n            <div class=\"container\">\n                <div class=\"row text-right-rtl\">\n                    <div class=\"col-xl-6\">\n                        <div class=\"mission-content-box\">\n                            <div class=\"sec-title\">\n                                <div class=\"sub-title\">\n                                    <p>su destino<\/p>\n                                <\/div>\n                                <h2>\u00a1La cosa m\u00e1s importante de un viaje no es su destino, sino el viaje mismo! <\/h2>\n                            <\/div>\n                            <div class=\"inner-content\">\n                                <div class=\"text\">\n                                    <p>Amuninni en siciliano quiere decir \u201cvamos\u201d: aminunni juntos a GOTO SITO para descubrir nuevas emociones.\nEncontrar\u00e1s excepcionales paquetes tur\u00edsticos completos, con gu\u00edas locales, para peque\u00f1os grupos a partir de 6 personas. Estamos orgullosos de nuestros tours, excursiones y viajes tem\u00e1ticos seleccionados con cura para los turistas que quieren vivir directamente el calor y la hospitalidad siciliana, \u201cde persona a persona\u201d. Visita la soleada isla mayor del Mediterr\u00e1neo y sum\u00e9rgete en la cultura, en la historia, en la gastronom\u00eda y en la maravillosa natura, acompa\u00f1ado por nuestros expertos gu\u00edas locales.\nSomos sicilianos que aman compartir el amor por nuestra tierra de origen: Goto Sito hace viajar desde hace d\u00e9cadas visitantes de todo el mundo en nuestra maravillosa isla. Nuestro eslogan es: \u201cViaje dedicado de persona a persona\u201d. Reserva con nosotros un tour, una excursi\u00f3n o un viaje en bicicleta, con hotel o apartamientos seleccionados. Durante tu estancia, ser\u00e1s guiado por expertos locales que te cuidar\u00e1n como parte de su familia y te mostrar\u00e1n cosas que solo quien vive desde siempre en la isla conoce bien. \u00bfPor qu\u00e9 dedicado? Porque para nosotros eres importante t\u00fa, el viajador.\n<\/p>\n                                <\/div>\n                                <ul>\n                                                                    <\/ul>\n                            <\/div>\n                        <\/div>\n                    <\/div>\n                    <div class=\"col-xl-6\">\n                        <div class=\"mission-image-box\">\n                            <div class=\"main-image\">\n                                <img decoding=\"async\" width=\"2560\" height=\"1920\" src=\"https:\/\/www.gotosito.it\/wp-content\/uploads\/2022\/10\/IMG_8814-3-scaled.jpg\" class=\"attachment-full size-full\" alt=\"\" \/>                            <\/div>\n                            <div class=\"bottom-image-box paroller-2\">\n                                <img decoding=\"async\" width=\"2560\" height=\"1707\" src=\"https:\/\/www.gotosito.it\/wp-content\/uploads\/2022\/10\/IMG_4709-scaled.jpg\" class=\"attachment-full size-full\" alt=\"\" \/>                            <\/div>\n                        <\/div>\n                    <\/div>\n\n                <\/div>\n            <\/div>\n        <\/section>\n        <!--End Our Mission Area-->\n\t\t\t\t<\/div>\n\t\t\t\t<\/div>\n\t\t\t\t\t<\/div>\n\t\t<\/div>\n\t\t\t\t\t<\/div>\n\t\t<\/section>\n\t\t\t\t<\/div>\n\t\t","protected":false},"excerpt":{"rendered":"<p>su destino \u00a1La cosa m\u00e1s importante de un viaje no es su destino, sino el viaje mismo! Amuninni en siciliano quiere decir \u201cvamos\u201d: aminunni juntos a GOTO SITO para descubrir nuevas emociones. Encontrar\u00e1s excepcionales paquetes tur\u00edsticos completos, con gu\u00edas locales, para peque\u00f1os grupos a partir de 6 personas. Estamos orgullosos de nuestros tours, excursiones y [&hellip;]<\/p>\n","protected":false},"author":1,"featured_media":3716,"parent":0,"menu_order":0,"comment_status":"closed","ping_status":"closed","template":"elementor_header_footer","meta":{"footnotes":""},"class_list":["post-4877","page","type-page","status-publish","has-post-thumbnail","hentry"],"_links":{"self":[{"href":"https:\/\/www.gotosito.it\/index.php\/wp-json\/wp\/v2\/pages\/4877","targetHints":{"allow":["GET"]}}],"collection":[{"href":"https:\/\/www.gotosito.it\/index.php\/wp-json\/wp\/v2\/pages"}],"about":[{"href":"https:\/\/www.gotosito.it\/index.php\/wp-json\/wp\/v2\/types\/page"}],"author":[{"embeddable":true,"href":"https:\/\/www.gotosito.it\/index.php\/wp-json\/wp\/v2\/users\/1"}],"replies":[{"embeddable":true,"href":"https:\/\/www.gotosito.it\/index.php\/wp-json\/wp\/v2\/comments?post=4877"}],"version-history":[{"count":4,"href":"https:\/\/www.gotosito.it\/index.php\/wp-json\/wp\/v2\/pages\/4877\/revisions"}],"predecessor-version":[{"id":4885,"href":"https:\/\/www.gotosito.it\/index.php\/wp-json\/wp\/v2\/pages\/4877\/revisions\/4885"}],"wp:featuredmedia":[{"embeddable":true,"href":"https:\/\/www.gotosito.it\/index.php\/wp-json\/wp\/v2\/media\/3716"}],"wp:attachment":[{"href":"https:\/\/www.gotosito.it\/index.php\/wp-json\/wp\/v2\/media?parent=4877"}],"curies":[{"name":"wp","href":"https:\/\/api.w.org\/{rel}","templated":true}]}}