{"id":4274,"date":"2022-09-30T12:33:26","date_gmt":"2022-09-30T10:33:26","guid":{"rendered":"https:\/\/www.gotosito.it\/?page_id=4274"},"modified":"2022-11-02T14:33:54","modified_gmt":"2022-11-02T13:33:54","slug":"das-ziel-einer-reise","status":"publish","type":"page","link":"https:\/\/www.gotosito.it\/index.php\/de\/das-ziel-einer-reise\/","title":{"rendered":"DAS ZIEL EINER REISE"},"content":{"rendered":"\t\t<div data-elementor-type=\"wp-page\" data-elementor-id=\"4274\" class=\"elementor elementor-4274\">\n\t\t\t\t\t\t<section class=\"elementor-section elementor-top-section elementor-element elementor-element-6a12f34 elementor-section-full_width elementor-section-height-default elementor-section-height-default\" data-id=\"6a12f34\" data-element_type=\"section\" data-e-type=\"section\">\n\t\t\t\t\t\t<div class=\"elementor-container elementor-column-gap-no\">\n\t\t\t\t\t<div class=\"elementor-column elementor-col-100 elementor-top-column elementor-element elementor-element-6879e56\" data-id=\"6879e56\" data-element_type=\"column\" data-e-type=\"column\">\n\t\t\t<div class=\"elementor-widget-wrap elementor-element-populated\">\n\t\t\t\t\t\t<div class=\"elementor-element elementor-element-ff5a9f3 elementor-widget elementor-widget-homepro_mission\" data-id=\"ff5a9f3\" data-element_type=\"widget\" data-e-type=\"widget\" data-widget_type=\"homepro_mission.default\">\n\t\t\t\t<div class=\"elementor-widget-container\">\n\t\t\t\t\t        <!--Start Our Mission Area-->\n        <section class=\"mission-area\">\n            <div class=\"round-shape-box \">\n                <img fetchpriority=\"high\" decoding=\"async\" width=\"872\" height=\"1684\" src=\"https:\/\/www.gotosito.it\/wp-content\/uploads\/2021\/09\/shape-round-7.png\" class=\"attachment-full size-full\" alt=\"\" \/>            <\/div>\n            <div class=\"container\">\n                <div class=\"row text-right-rtl\">\n                    <div class=\"col-xl-6\">\n                        <div class=\"mission-content-box\">\n                            <div class=\"sec-title\">\n                                <div class=\"sub-title\">\n                                    <p>DAS ZIEL EINER REISE<\/p>\n                                <\/div>\n                                <h2>Das Ziel einer Reise ist nicht das Reiseziel, sondern die Reise selbst!<\/h2>\n                            <\/div>\n                            <div class=\"inner-content\">\n                                <div class=\"text\">\n                                    <p>Amuninni ist sizilianisch und hei\u00dft \u201cLass uns gehen\u201d: Auf geht es mit GotoSito und wir entdecken neue Emotionen. Auf dieser Website findest du au\u00dfergew\u00f6hnliche touristische Gesamtpakete f\u00fcr kleine Gruppen (ab 6 Personen), begleitet von unseren \u00f6rtlichen Reiseleitern. Besuche mit uns die sonnige Insel im Mittelmeer und tauche ein in die Kultur, die Kunst, die Geschichte, die K\u00fcche und die Natur der gr\u00f6\u00dften Mittelmeerinsel. Wir sind stolz auf unsere Reisen, unsere Ausfl\u00fcge und unsere Themenreisen, die auf der Basis unserer jahrzehntelangen Erfahrungen in der Touristikbranche entstanden sind. Sie sind ma\u00dfgeschneidert f\u00fcr die Menschen, die die Herzlichkeit und die Gastfreundschaft der Sizilianer direkt, von Mensch zu Mensch, erleben m\u00f6chten. \nSeit Jahrzehnten schickt GotoSito G\u00e4ste aus der ganzen Welt auf Reisen. Unser Leitspruch ist: \u201cReisen von Mensch zu Mensch\u201d: mit uns buchst du eine Rundreise, einen Ausflug oder auch eine Fahrradtour, inklusive der Unterbringung im Hotel oder in ausgesuchten Ferienwohnungen. Du wirst von \u00f6rtlichen Experten gef\u00fchrt, die dir Dinge zeigen, die dir nur jemand kennen kann, der schon immer auf der Insel lebt und sie wie seine eigene Westentasche kennt. Deshalb von Mensch zu Mensch: weil du f\u00fcr uns wichtig bist!\n\n<\/p>\n                                <\/div>\n                                <ul>\n                                                                    <\/ul>\n                            <\/div>\n                        <\/div>\n                    <\/div>\n                    <div class=\"col-xl-6\">\n                        <div class=\"mission-image-box\">\n                            <div class=\"main-image\">\n                                <img decoding=\"async\" width=\"2560\" height=\"1920\" src=\"https:\/\/www.gotosito.it\/wp-content\/uploads\/2022\/10\/IMG_8814-3-scaled.jpg\" class=\"attachment-full size-full\" alt=\"\" \/>                            <\/div>\n                            <div class=\"bottom-image-box paroller-2\">\n                                <img decoding=\"async\" width=\"2560\" height=\"1707\" src=\"https:\/\/www.gotosito.it\/wp-content\/uploads\/2022\/10\/IMG_4709-scaled.jpg\" class=\"attachment-full size-full\" alt=\"\" \/>                            <\/div>\n                        <\/div>\n                    <\/div>\n\n                <\/div>\n            <\/div>\n        <\/section>\n        <!--End Our Mission Area-->\n\t\t\t\t<\/div>\n\t\t\t\t<\/div>\n\t\t\t\t\t<\/div>\n\t\t<\/div>\n\t\t\t\t\t<\/div>\n\t\t<\/section>\n\t\t\t\t<\/div>\n\t\t","protected":false},"excerpt":{"rendered":"<p>DAS ZIEL EINER REISE Das Ziel einer Reise ist nicht das Reiseziel, sondern die Reise selbst! Amuninni ist sizilianisch und hei\u00dft \u201cLass uns gehen\u201d: Auf geht es mit GotoSito und wir entdecken neue Emotionen. Auf dieser Website findest du au\u00dfergew\u00f6hnliche touristische Gesamtpakete f\u00fcr kleine Gruppen (ab 6 Personen), begleitet von unseren \u00f6rtlichen Reiseleitern. Besuche mit [&hellip;]<\/p>\n","protected":false},"author":1,"featured_media":3716,"parent":0,"menu_order":0,"comment_status":"closed","ping_status":"closed","template":"elementor_header_footer","meta":{"footnotes":""},"class_list":["post-4274","page","type-page","status-publish","has-post-thumbnail","hentry"],"_links":{"self":[{"href":"https:\/\/www.gotosito.it\/index.php\/wp-json\/wp\/v2\/pages\/4274","targetHints":{"allow":["GET"]}}],"collection":[{"href":"https:\/\/www.gotosito.it\/index.php\/wp-json\/wp\/v2\/pages"}],"about":[{"href":"https:\/\/www.gotosito.it\/index.php\/wp-json\/wp\/v2\/types\/page"}],"author":[{"embeddable":true,"href":"https:\/\/www.gotosito.it\/index.php\/wp-json\/wp\/v2\/users\/1"}],"replies":[{"embeddable":true,"href":"https:\/\/www.gotosito.it\/index.php\/wp-json\/wp\/v2\/comments?post=4274"}],"version-history":[{"count":6,"href":"https:\/\/www.gotosito.it\/index.php\/wp-json\/wp\/v2\/pages\/4274\/revisions"}],"predecessor-version":[{"id":4903,"href":"https:\/\/www.gotosito.it\/index.php\/wp-json\/wp\/v2\/pages\/4274\/revisions\/4903"}],"wp:featuredmedia":[{"embeddable":true,"href":"https:\/\/www.gotosito.it\/index.php\/wp-json\/wp\/v2\/media\/3716"}],"wp:attachment":[{"href":"https:\/\/www.gotosito.it\/index.php\/wp-json\/wp\/v2\/media?parent=4274"}],"curies":[{"name":"wp","href":"https:\/\/api.w.org\/{rel}","templated":true}]}}