{"id":3346,"date":"2022-10-04T09:31:36","date_gmt":"2022-10-04T07:31:36","guid":{"rendered":"https:\/\/www.gotosito.it\/?page_id=3346"},"modified":"2022-11-02T15:01:55","modified_gmt":"2022-11-02T14:01:55","slug":"lampedusa-paraiso-secreto","status":"publish","type":"page","link":"https:\/\/www.gotosito.it\/index.php\/es\/lampedusa-paraiso-secreto\/","title":{"rendered":"Lampedusa, para\u00edso secreto"},"content":{"rendered":"\t\t<div data-elementor-type=\"wp-page\" data-elementor-id=\"3346\" class=\"elementor elementor-3346\">\n\t\t\t\t\t\t<section class=\"elementor-section elementor-top-section elementor-element elementor-element-3f8683b elementor-section-boxed elementor-section-height-default elementor-section-height-default\" data-id=\"3f8683b\" data-element_type=\"section\" data-e-type=\"section\">\n\t\t\t\t\t\t<div class=\"elementor-container elementor-column-gap-default\">\n\t\t\t\t\t<div class=\"elementor-column elementor-col-100 elementor-top-column elementor-element elementor-element-7305c2a\" data-id=\"7305c2a\" data-element_type=\"column\" data-e-type=\"column\">\n\t\t\t<div class=\"elementor-widget-wrap elementor-element-populated\">\n\t\t\t\t\t\t<div class=\"elementor-element elementor-element-b890ef4 elementor-widget elementor-widget-heading\" data-id=\"b890ef4\" data-element_type=\"widget\" data-e-type=\"widget\" data-widget_type=\"heading.default\">\n\t\t\t\t<div class=\"elementor-widget-container\">\n\t\t\t\t\t<h2 class=\"elementor-heading-title elementor-size-default\">Lampedusa, para\u00edso secreto del Mediterr\u00e1neo<\/h2>\t\t\t\t<\/div>\n\t\t\t\t<\/div>\n\t\t\t\t\t<\/div>\n\t\t<\/div>\n\t\t\t\t\t<\/div>\n\t\t<\/section>\n\t\t\t\t<section class=\"elementor-section elementor-top-section elementor-element elementor-element-6ea0584 elementor-section-boxed elementor-section-height-default elementor-section-height-default\" data-id=\"6ea0584\" data-element_type=\"section\" data-e-type=\"section\">\n\t\t\t\t\t\t<div class=\"elementor-container elementor-column-gap-default\">\n\t\t\t\t\t<div class=\"elementor-column elementor-col-100 elementor-top-column elementor-element elementor-element-34b7cec\" data-id=\"34b7cec\" data-element_type=\"column\" data-e-type=\"column\">\n\t\t\t<div class=\"elementor-widget-wrap elementor-element-populated\">\n\t\t\t\t\t\t\t<\/div>\n\t\t<\/div>\n\t\t\t\t\t<\/div>\n\t\t<\/section>\n\t\t\t\t<section class=\"elementor-section elementor-top-section elementor-element elementor-element-94d6f51 elementor-section-boxed elementor-section-height-default elementor-section-height-default\" data-id=\"94d6f51\" data-element_type=\"section\" data-e-type=\"section\">\n\t\t\t\t\t\t<div class=\"elementor-container elementor-column-gap-default\">\n\t\t\t\t\t<div class=\"elementor-column elementor-col-100 elementor-top-column elementor-element elementor-element-07eb7f0\" data-id=\"07eb7f0\" data-element_type=\"column\" data-e-type=\"column\">\n\t\t\t<div class=\"elementor-widget-wrap elementor-element-populated\">\n\t\t\t\t\t\t<div class=\"elementor-element elementor-element-abb28c7 elementor-widget elementor-widget-text-editor\" data-id=\"abb28c7\" data-element_type=\"widget\" data-e-type=\"widget\" data-widget_type=\"text-editor.default\">\n\t\t\t\t<div class=\"elementor-widget-container\">\n\t\t\t\t\t\t\t\t\t<p>Se recomienda este tour para quienes deseen llegar hasta el punto extremo del continente europeo para explorar un aut\u00e9ntico para\u00edso escondido; para quienes nunca se cansan del mar, y deseen observar directamente un ecosistema marino rico, vivaz y variopinto; para quienes deseen volver a su casa con el recuerdo precioso de un lugar exclusivo.<\/p><p><strong>\u00a0<\/strong><\/p><p><strong>D\u00eda 1: Llegada y Cala Croce<\/strong><\/p><p>Llegada en Lampedusa y alojamiento en hotel\/apartamiento.<\/p><p>Seg\u00fan la hora de llegada: tarde en Cala Croce, en la playa rocosa de <strong>Portu \u2018Ntoni<\/strong>, donde se podr\u00e1 admirar, bajo el gigantesco Sol africano, el contraste entre la cuesta gris perla y la mar turquesa, con su fondo limpio.<\/p><p>Cena y paseo nocturno por el pueblo de Lampedusa, con sus peque\u00f1os edificios blancos y su callejones tranquilos y llenos de todoterrenos aparcados. La calle principal, Via Roma, est\u00e1 llena de tenderetes, tiendas de productos locales y pubs. Una cosa es segura: no obstante la isla sea min\u00fascula, hay siempre algo que hacer.<\/p><p><strong>D\u00eda 2: Cala Creta y Mare Morto<\/strong><\/p><p>Despu\u00e9s del desayuno, se va a la playa en el acantilado arg\u00e9nteo de <strong>Cala Creta<\/strong>, con su promontorio sobre el mar dominado por un faro. En un lugar como este, es dif\u00edcil pensar que todav\u00eda uno se encuentra en Italia.<\/p><p>Despu\u00e9s del almuerzo, nos trasladamos de pocos cientos de metros para llegar a la playa del <strong>Mare Muerto, <\/strong>con su fondo turquesa, celeste y azul intenso, tan bello que parece finto.<\/p><p>Nadando, es posible atravesar un espl\u00e9ndido arco natural o entrar en cuevas marinas que ofrecen un fresco e \u00edntimo refugio del Sol.<\/p><p>Sumergi\u00e9ndose, se puede observar la fauna marina que vive tranquila: peces variopintos, pulpos, sepias, an\u00e9monas, erizos de mar, etc. Los habitantes de las islas Pelagias respetan much\u00edsimo el mar: la pesca intensiva es prohibida. Pescan s\u00f3lo lo que necesitan para sostenerse. De esta manera, la protecci\u00f3n de la biodiversidad es garantida y la vida de las criaturas marina es respetada.<\/p><p>Por la noche, <strong>aperitivo<\/strong> en Portu \u2018Ntoni, cena en hotel\/apartamiento y pernoctaci\u00f3n.<\/p><p><strong>D\u00eda 3: Tour de la isla en barco<\/strong><\/p><p><strong>Tour completo de la isla en barco privado<\/strong>, desde la ma\u00f1ana hasta el atardecer.<\/p><p>Parada en los lugares m\u00e1s fascinantes de la cuesta, que a menudo son accesibles s\u00f3lo desde el mar. Posibilidad de nadar en mar abierto, visitar las cuevas marinas de la isla (como la <strong>Cueva de los Enamorados<\/strong>, o las piscinas naturales con agua verde esmeralda) y de calas tan hermosas y de colores que parecer\u00edan salidas de un dibujo animado, como la <strong>Tabaccara<\/strong>. No es raro que los delfines acompa\u00f1en al barco para nadar y saltar fuera del agua juntos. La excursi\u00f3n incluye almuerzo completo a bordo. Regreso al puerto de Lampedusa al atardecer, cena y pernoctaci\u00f3n.<\/p><p><strong>D\u00eda 4: Cala Pisana y vuelta completa de la isla en coche<\/strong><\/p><p>Desayuno en el <strong>Bar dell\u2019Amicizia<\/strong>, en el pueblo, con su larga azotea que da a las habitaciones blancas y su amplia selecci\u00f3n de pasteles. Luego, se va a la playa en <strong>Cala Pisana<\/strong>, que se encuentra en un peque\u00f1o golfo con un muelle; su posici\u00f3n garantiza que el mar siempre est\u00e1 calmo y sin medusas. La playa es arenosa y el fondo es profundo y libre de rocas.<\/p><p>Despu\u00e9s del almuerzo, nos dedicaremos a una visita de Lampedusa, profundizando en el aspecto m\u00e1s importante de la isla: un lugar de salvaci\u00f3n y recuperaci\u00f3n psicof\u00edsica, tanto por los seres humanos como por las criaturas marinas.<\/p><p>R\u00e1pida visita al <strong>cementerio de los barcos<\/strong>: en este lugar, se depositan los botes improvisados a trav\u00e9s de los cuales los inmigrantes llegan navegando desde el Norte de \u00c1frica. Casi todos estos botes viajan repletos de personas, ninguna de las cuales, a menudo, sabe nadar ni posee capacidades de navegaci\u00f3n. Los que tienen la suerte de conseguir llegar a la isla reciben inmediatamente tratamiento m\u00e9dico y refugio.<\/p><p>Papa Francisco, en 2013, visit\u00f3 la isla y dijo una misa desde un altar construido con la madera de estos barcos.<\/p><p>Los habitantes de la isla nunca niegan su ayuda a quienes lo necesitan: por eso, la isla de Lampedusa y su pueblo han sido propuestos en varias ocasiones para la candidatura para el Premio Nobel por la Paz. Les contaremos varias an\u00e9cdotas sobre el valor y el altruismo de los comunes residentes de la isla despu\u00e9s de los naufragios m\u00e1s desastrosos.<\/p><p>Luego, ser\u00e1 posible visitar el <strong>Centro de rehabilitaci\u00f3n para las tortugas marinas<\/strong>. Lampedusa, siendo una isla incontaminada, es el h\u00e1bitat de numerosas especies de tortugas marinas, que son tambi\u00e9n el s\u00edmbolo de la isla. Muchas playas del lugar son elegidas por estas criaturas para desovar.<\/p><p>El centro de rehabilitaci\u00f3n es totalmente no lucrativo y en su interior se puede efectuar una visita con el objetivo de sensibilizar a los visitadores. Est\u00e1n expuestos los esqueletos de las tortugas muertas para haber ingerido demasiado pl\u00e1stico, y tambi\u00e9n el contenido de sus est\u00f3magos: una cantidad sorprendente de bolsas, botellas, frascos, tapones, redes y otros materiales sint\u00e9ticos.<\/p><p>Es posible observar de cerca las tortugas en sus tanques de rehabilitaci\u00f3n, donde recuperan las energ\u00edas despu\u00e9s de ser operadas y alimentadas. Sin embargo, cabe recordar que no se trata de uno zoo sino de un hospital, por lo tanto hay que evitar molestar los animales. Despu\u00e9s de sus completa recuperaci\u00f3n, las tortugas reciben una pulsera GPS para rastrear su movimiento y luego vienen reintroducidas en el mar.<\/p><p>Sucesivamente, visita a la <strong>Puerta de Europa<\/strong>, una instalaci\u00f3n art\u00edstica puesta en el punto m\u00e1s meridional de Italia; m\u00e1s a Sur que aqu\u00ed s\u00f3lo hay \u00c1frica. Es un monumento dedicado a la memoria de los migrantes fallecidos en mar, muertos en la esperanza de llegar a Europa para tener un futuro mejor.<\/p><p>Por fin, volvimos al pueblo, donde es imprescindible visitar la <strong>escalera arco\u00edris <\/strong>cerca del puerto para hacer una foto de grupo inolvidable. Ser\u00e1 el momento perfecto para tomar un aperitivo. Cena en hotel\/apartamiento y pernoctaci\u00f3n.<\/p><p><strong>D\u00eda 5: Cala Francese y \u2018O Sci\u00e1<\/strong><\/p><p>Hoy nos dedicaremos a la visita de los lugares m\u00e1s <em>cool <\/em>de esta peque\u00f1a isla. Por la ma\u00f1ana, iremos a la playa de <strong>Cala Francese<\/strong>, con su arena dorada y agua turquesa. Una de las peculiaridades de esta playa es que aqu\u00ed se encuentra la villa de Silvio Berlusconi: la \u00fanica villa con c\u00e9sped ingl\u00e9s en toda la isla, que posee tambi\u00e9n un helipuerto privado.<\/p><p>Despu\u00e9s del almuerzo, se puede elegir l\u00edberamente una playa donde pasar la tarde. Si hay mar agitado, Cala Pisana es siempre una garant\u00eda.<\/p><p>Antes del atardecer, sin embrago, iremos a <strong>\u2018O Sci\u00e1<\/strong>, el club m\u00e1s famoso de la isla. Aqu\u00ed saborearemos un aperitivo, rodeados por el panorama rocoso y por la luz purp\u00farea de la puesta del Sol. Si tenemos suerte, en este lugar hay una mayor probabilidad de ver a las celebridades que eligen Lampedusa como destino de sus vacaciones. Regreso al hotel\/apartamiento, cena y pernoctaci\u00f3n.<\/p><p><strong>D\u00eda 6: Playa de la Isla de los Conejos y cena en barco<\/strong><\/p><p>Ponemos un broche de oro a este viaje yendo al destino m\u00e1s popular de la isla: la <strong>playa de la Isla de los Conejos. <\/strong>Dado que se trata de una reserva natural, se tendr\u00e1 che aparcar el coche un poquito lejos, pero la ruta que conduce a la playa les dejar\u00e1 seguramente sin aliento por su esplendor. Una vez llegados, podr\u00e1n afirmar por el resto de sus vidas que habr\u00e1n sido en la <strong>mejor playa del mundo <\/strong>(reconocida como tal por los <em>Tripadvisor Traveller\u2019s Choice<\/em> 2013; todav\u00eda est\u00e1 reconocida como la mejor playa de Europa por los <em>Tripadvisor Traveller\u2019s Choice 2022<\/em>).<\/p><p>Agua l\u00edmpida y arena de una fineza incomparable che recubre todo el fondo del mar. Nadando, es incluso posible acercarse al peque\u00f1o islote de los Conejos. Esta playa, siendo incontaminada, es un lugar predilecto por las tortugas marinas para desovar, por lo tanto hay una base perenne de la Liga Ambiental italiana para proteger sus nidos, mantener la playa limpia, garantizar el comportamiento responsable de los ba\u00f1istas y asistir a las tortuguitas en el momento de su eclosi\u00f3n.<\/p><p>Hacia las seis de la tarde, tendremos que encontrarnos en el puerto, porque volveremos otra vez en el barco para hacer una vuelta nocturna. La puesta del sol, vista por el mar abierto de Lampedusa, es un espect\u00e1culo inigualable: el Sol ser\u00e1 tan grande, rojo y llameante que uno se puede preguntar si es la misma estrella que ilumina el resto del mundo. Despu\u00e9s de este espect\u00e1culo, cena a base de marisco a bordo. Vuelta nocturna de la isla y regreso al puerto a las 22. Regreso al hotel\/apartamiento y pernoctaci\u00f3n.<\/p><p><strong>D\u00eda 7: Regreso a casa<\/strong><\/p><p>Es el momento de salir de la isla. Dependiendo de la hora de la salida, se puede dar una \u00faltima vuelta por el pueblo para comprar souvenirs, productos t\u00edpicos o incluso hacerse un tatuaje conmemorativo. Regresando a casa, guardar\u00e1n el recuerdo de un aut\u00e9ntico para\u00edso secreto, y de los habitantes de Lampedusa, una comunidad de buen coraz\u00f3n.<\/p><p><strong>Precios a petici\u00f3n: posibilidad de cotizar opciones con hotel o con apartamiento.<\/strong><strong>\u00a0<\/strong><\/p><p><strong>Contactar a cristiano@gotosito.it<\/strong><\/p>\t\t\t\t\t\t\t\t<\/div>\n\t\t\t\t<\/div>\n\t\t\t\t\t<\/div>\n\t\t<\/div>\n\t\t\t\t\t<\/div>\n\t\t<\/section>\n\t\t\t\t<section class=\"elementor-section elementor-top-section elementor-element elementor-element-f73042e elementor-section-boxed elementor-section-height-default elementor-section-height-default\" data-id=\"f73042e\" data-element_type=\"section\" data-e-type=\"section\">\n\t\t\t\t\t\t<div class=\"elementor-container elementor-column-gap-default\">\n\t\t\t\t\t<div class=\"elementor-column elementor-col-100 elementor-top-column elementor-element elementor-element-f6a2137\" data-id=\"f6a2137\" data-element_type=\"column\" data-e-type=\"column\">\n\t\t\t<div class=\"elementor-widget-wrap elementor-element-populated\">\n\t\t\t\t\t\t\t<\/div>\n\t\t<\/div>\n\t\t\t\t\t<\/div>\n\t\t<\/section>\n\t\t\t\t<section class=\"elementor-section elementor-top-section elementor-element elementor-element-5ab0549 elementor-section-boxed elementor-section-height-default elementor-section-height-default\" data-id=\"5ab0549\" data-element_type=\"section\" data-e-type=\"section\">\n\t\t\t\t\t\t<div class=\"elementor-container elementor-column-gap-default\">\n\t\t\t\t\t<div class=\"elementor-column elementor-col-100 elementor-top-column elementor-element elementor-element-052d0fe\" data-id=\"052d0fe\" data-element_type=\"column\" data-e-type=\"column\">\n\t\t\t<div class=\"elementor-widget-wrap elementor-element-populated\">\n\t\t\t\t\t\t\t<\/div>\n\t\t<\/div>\n\t\t\t\t\t<\/div>\n\t\t<\/section>\n\t\t\t\t<section class=\"elementor-section elementor-top-section elementor-element elementor-element-0744cd7 elementor-section-boxed elementor-section-height-default elementor-section-height-default\" data-id=\"0744cd7\" data-element_type=\"section\" data-e-type=\"section\">\n\t\t\t\t\t\t<div class=\"elementor-container elementor-column-gap-default\">\n\t\t\t\t\t<div class=\"elementor-column elementor-col-100 elementor-top-column elementor-element elementor-element-08cb437\" data-id=\"08cb437\" data-element_type=\"column\" data-e-type=\"column\">\n\t\t\t<div class=\"elementor-widget-wrap elementor-element-populated\">\n\t\t\t\t\t\t\t<\/div>\n\t\t<\/div>\n\t\t\t\t\t<\/div>\n\t\t<\/section>\n\t\t\t\t<section class=\"elementor-section elementor-top-section elementor-element elementor-element-f20f344 elementor-section-boxed elementor-section-height-default elementor-section-height-default\" data-id=\"f20f344\" data-element_type=\"section\" data-e-type=\"section\">\n\t\t\t\t\t\t<div class=\"elementor-container elementor-column-gap-default\">\n\t\t\t\t\t<div class=\"elementor-column elementor-col-100 elementor-top-column elementor-element elementor-element-583c918\" data-id=\"583c918\" data-element_type=\"column\" data-e-type=\"column\">\n\t\t\t<div class=\"elementor-widget-wrap elementor-element-populated\">\n\t\t\t\t\t\t\t<\/div>\n\t\t<\/div>\n\t\t\t\t\t<\/div>\n\t\t<\/section>\n\t\t\t\t<section class=\"elementor-section elementor-top-section elementor-element elementor-element-632c53e elementor-section-boxed elementor-section-height-default elementor-section-height-default\" data-id=\"632c53e\" data-element_type=\"section\" data-e-type=\"section\">\n\t\t\t\t\t\t<div class=\"elementor-container elementor-column-gap-default\">\n\t\t\t\t\t<div class=\"elementor-column elementor-col-100 elementor-top-column elementor-element elementor-element-f4f4d75\" data-id=\"f4f4d75\" data-element_type=\"column\" data-e-type=\"column\">\n\t\t\t<div class=\"elementor-widget-wrap elementor-element-populated\">\n\t\t\t\t\t\t\t<\/div>\n\t\t<\/div>\n\t\t\t\t\t<\/div>\n\t\t<\/section>\n\t\t\t\t<section class=\"elementor-section elementor-top-section elementor-element elementor-element-a513607 elementor-section-boxed elementor-section-height-default elementor-section-height-default\" data-id=\"a513607\" data-element_type=\"section\" data-e-type=\"section\">\n\t\t\t\t\t\t<div class=\"elementor-container elementor-column-gap-default\">\n\t\t\t\t\t<div class=\"elementor-column elementor-col-100 elementor-top-column elementor-element elementor-element-30a1cec\" data-id=\"30a1cec\" data-element_type=\"column\" data-e-type=\"column\">\n\t\t\t<div class=\"elementor-widget-wrap elementor-element-populated\">\n\t\t\t\t\t\t\t<\/div>\n\t\t<\/div>\n\t\t\t\t\t<\/div>\n\t\t<\/section>\n\t\t\t\t<section class=\"elementor-section elementor-top-section elementor-element elementor-element-1e745c1 elementor-section-boxed elementor-section-height-default elementor-section-height-default\" data-id=\"1e745c1\" data-element_type=\"section\" data-e-type=\"section\">\n\t\t\t\t\t\t<div class=\"elementor-container elementor-column-gap-default\">\n\t\t\t\t\t<div class=\"elementor-column elementor-col-100 elementor-top-column elementor-element elementor-element-c3b2680\" data-id=\"c3b2680\" data-element_type=\"column\" data-e-type=\"column\">\n\t\t\t<div class=\"elementor-widget-wrap elementor-element-populated\">\n\t\t\t\t\t\t\t<\/div>\n\t\t<\/div>\n\t\t\t\t\t<\/div>\n\t\t<\/section>\n\t\t\t\t<section class=\"elementor-section elementor-top-section elementor-element elementor-element-f4e6694 elementor-section-boxed elementor-section-height-default elementor-section-height-default\" data-id=\"f4e6694\" data-element_type=\"section\" data-e-type=\"section\">\n\t\t\t\t\t\t<div class=\"elementor-container elementor-column-gap-default\">\n\t\t\t\t\t<div class=\"elementor-column elementor-col-100 elementor-top-column elementor-element elementor-element-48d7679\" data-id=\"48d7679\" data-element_type=\"column\" data-e-type=\"column\">\n\t\t\t<div class=\"elementor-widget-wrap elementor-element-populated\">\n\t\t\t\t\t\t<div class=\"elementor-element elementor-element-912428f elementor-widget elementor-widget-homepro_project_gallery\" data-id=\"912428f\" data-element_type=\"widget\" data-e-type=\"widget\" data-widget_type=\"homepro_project_gallery.default\">\n\t\t\t\t<div class=\"elementor-widget-container\">\n\t\t\t\t\t        <div class=\"gallerly-box-content\">\n            <div class=\"title\">\n                <h2>Gallery<\/h2>\n            <\/div>\n            <div class=\"row\">\n                                    <!--Start Single Gallery Box-->\n                    <div class=\"col-xl-4 col-lg-6 col-md-4\">\n                        <div class=\"single-gallery-box\">\n                            <img fetchpriority=\"high\" decoding=\"async\" width=\"745\" height=\"560\" src=\"https:\/\/www.gotosito.it\/wp-content\/uploads\/2022\/10\/Tabaccara-2-1-e1666891548549.jpeg\" class=\"attachment-full size-full\" alt=\"\" \/>                            <div class=\"zoom-button\">\n                                <a class=\"lightbox-image\" data-fancybox=\"gallery\" href=\"https:\/\/www.gotosito.it\/wp-content\/uploads\/2022\/10\/Tabaccara-2-1-e1666891548549.jpeg\">\n                                    <i class=\"flaticon-plus\"><\/i>\n                                <\/a>\n                            <\/div>\n                        <\/div>\n                    <\/div>\n                    <!--End Single Gallery Box-->\n                                    <!--Start Single Gallery Box-->\n                    <div class=\"col-xl-4 col-lg-6 col-md-4\">\n                        <div class=\"single-gallery-box\">\n                            <img decoding=\"async\" width=\"1280\" height=\"622\" src=\"https:\/\/www.gotosito.it\/wp-content\/uploads\/2022\/10\/Tabaccara-1.jpeg\" class=\"attachment-full size-full\" alt=\"\" \/>                            <div class=\"zoom-button\">\n                                <a class=\"lightbox-image\" data-fancybox=\"gallery\" href=\"https:\/\/www.gotosito.it\/wp-content\/uploads\/2022\/10\/Tabaccara-1.jpeg\">\n                                    <i class=\"flaticon-plus\"><\/i>\n                                <\/a>\n                            <\/div>\n                        <\/div>\n                    <\/div>\n                    <!--End Single Gallery Box-->\n                                    <!--Start Single Gallery Box-->\n                    <div class=\"col-xl-4 col-lg-6 col-md-4\">\n                        <div class=\"single-gallery-box\">\n                            <img decoding=\"async\" width=\"1280\" height=\"622\" src=\"https:\/\/www.gotosito.it\/wp-content\/uploads\/2022\/10\/Piscina-di-Venere.jpeg\" class=\"attachment-full size-full\" alt=\"\" \/>                            <div class=\"zoom-button\">\n                                <a class=\"lightbox-image\" data-fancybox=\"gallery\" href=\"https:\/\/www.gotosito.it\/wp-content\/uploads\/2022\/10\/Piscina-di-Venere.jpeg\">\n                                    <i class=\"flaticon-plus\"><\/i>\n                                <\/a>\n                            <\/div>\n                        <\/div>\n                    <\/div>\n                    <!--End Single Gallery Box-->\n                                    <!--Start Single Gallery Box-->\n                    <div class=\"col-xl-4 col-lg-6 col-md-4\">\n                        <div class=\"single-gallery-box\">\n                            <img loading=\"lazy\" decoding=\"async\" width=\"540\" height=\"656\" src=\"https:\/\/www.gotosito.it\/wp-content\/uploads\/2022\/10\/o-scia.png\" class=\"attachment-full size-full\" alt=\"\" \/>                            <div class=\"zoom-button\">\n                                <a class=\"lightbox-image\" data-fancybox=\"gallery\" href=\"https:\/\/www.gotosito.it\/wp-content\/uploads\/2022\/10\/o-scia.png\">\n                                    <i class=\"flaticon-plus\"><\/i>\n                                <\/a>\n                            <\/div>\n                        <\/div>\n                    <\/div>\n                    <!--End Single Gallery Box-->\n                                    <!--Start Single Gallery Box-->\n                    <div class=\"col-xl-4 col-lg-6 col-md-4\">\n                        <div class=\"single-gallery-box\">\n                            <img loading=\"lazy\" decoding=\"async\" width=\"1280\" height=\"622\" src=\"https:\/\/www.gotosito.it\/wp-content\/uploads\/2022\/10\/Mare-Morto-3.jpeg\" class=\"attachment-full size-full\" alt=\"\" \/>                            <div class=\"zoom-button\">\n                                <a class=\"lightbox-image\" data-fancybox=\"gallery\" href=\"https:\/\/www.gotosito.it\/wp-content\/uploads\/2022\/10\/Mare-Morto-3.jpeg\">\n                                    <i class=\"flaticon-plus\"><\/i>\n                                <\/a>\n                            <\/div>\n                        <\/div>\n                    <\/div>\n                    <!--End Single Gallery Box-->\n                                    <!--Start Single Gallery Box-->\n                    <div class=\"col-xl-4 col-lg-6 col-md-4\">\n                        <div class=\"single-gallery-box\">\n                            <img loading=\"lazy\" decoding=\"async\" width=\"1280\" height=\"622\" src=\"https:\/\/www.gotosito.it\/wp-content\/uploads\/2022\/10\/Costa-Sud-dellisola.jpeg\" class=\"attachment-full size-full\" alt=\"\" \/>                            <div class=\"zoom-button\">\n                                <a class=\"lightbox-image\" data-fancybox=\"gallery\" href=\"https:\/\/www.gotosito.it\/wp-content\/uploads\/2022\/10\/Costa-Sud-dellisola.jpeg\">\n                                    <i class=\"flaticon-plus\"><\/i>\n                                <\/a>\n                            <\/div>\n                        <\/div>\n                    <\/div>\n                    <!--End Single Gallery Box-->\n                \n            <\/div>\n        <\/div>\n\t\t\t\t<\/div>\n\t\t\t\t<\/div>\n\t\t\t\t\t<\/div>\n\t\t<\/div>\n\t\t\t\t\t<\/div>\n\t\t<\/section>\n\t\t\t\t<\/div>\n\t\t","protected":false},"excerpt":{"rendered":"<p>Lampedusa, para\u00edso secreto del Mediterr\u00e1neo Se recomienda este tour para quienes deseen llegar hasta el punto extremo del continente europeo para explorar un aut\u00e9ntico para\u00edso escondido; para quienes nunca se cansan del mar, y deseen observar directamente un ecosistema marino rico, vivaz y variopinto; para quienes deseen volver a su casa con el recuerdo precioso [&hellip;]<\/p>\n","protected":false},"author":1,"featured_media":3695,"parent":0,"menu_order":0,"comment_status":"closed","ping_status":"closed","template":"","meta":{"footnotes":""},"class_list":["post-3346","page","type-page","status-publish","has-post-thumbnail","hentry"],"_links":{"self":[{"href":"https:\/\/www.gotosito.it\/index.php\/wp-json\/wp\/v2\/pages\/3346","targetHints":{"allow":["GET"]}}],"collection":[{"href":"https:\/\/www.gotosito.it\/index.php\/wp-json\/wp\/v2\/pages"}],"about":[{"href":"https:\/\/www.gotosito.it\/index.php\/wp-json\/wp\/v2\/types\/page"}],"author":[{"embeddable":true,"href":"https:\/\/www.gotosito.it\/index.php\/wp-json\/wp\/v2\/users\/1"}],"replies":[{"embeddable":true,"href":"https:\/\/www.gotosito.it\/index.php\/wp-json\/wp\/v2\/comments?post=3346"}],"version-history":[{"count":7,"href":"https:\/\/www.gotosito.it\/index.php\/wp-json\/wp\/v2\/pages\/3346\/revisions"}],"predecessor-version":[{"id":4759,"href":"https:\/\/www.gotosito.it\/index.php\/wp-json\/wp\/v2\/pages\/3346\/revisions\/4759"}],"wp:featuredmedia":[{"embeddable":true,"href":"https:\/\/www.gotosito.it\/index.php\/wp-json\/wp\/v2\/media\/3695"}],"wp:attachment":[{"href":"https:\/\/www.gotosito.it\/index.php\/wp-json\/wp\/v2\/media?parent=3346"}],"curies":[{"name":"wp","href":"https:\/\/api.w.org\/{rel}","templated":true}]}}