{"id":3319,"date":"2022-11-02T11:37:22","date_gmt":"2022-11-02T10:37:22","guid":{"rendered":"https:\/\/www.gotosito.it\/?page_id=3319"},"modified":"2022-11-03T19:02:16","modified_gmt":"2022-11-03T18:02:16","slug":"wer-wir-sind","status":"publish","type":"page","link":"https:\/\/www.gotosito.it\/index.php\/de\/wer-wir-sind\/","title":{"rendered":"Wer wir sind"},"content":{"rendered":"\t\t<div data-elementor-type=\"wp-page\" data-elementor-id=\"3319\" class=\"elementor elementor-3319\">\n\t\t\t\t\t\t<section class=\"elementor-section elementor-top-section elementor-element elementor-element-0379c08 elementor-section-full_width elementor-section-height-default elementor-section-height-default\" data-id=\"0379c08\" data-element_type=\"section\" data-e-type=\"section\">\n\t\t\t\t\t\t<div class=\"elementor-container elementor-column-gap-no\">\n\t\t\t\t\t<div class=\"elementor-column elementor-col-100 elementor-top-column elementor-element elementor-element-2813e68\" data-id=\"2813e68\" data-element_type=\"column\" data-e-type=\"column\">\n\t\t\t<div class=\"elementor-widget-wrap\">\n\t\t\t\t\t\t\t<\/div>\n\t\t<\/div>\n\t\t\t\t\t<\/div>\n\t\t<\/section>\n\t\t\t\t<section class=\"elementor-section elementor-top-section elementor-element elementor-element-ebe33a6 elementor-section-boxed elementor-section-height-default elementor-section-height-default\" data-id=\"ebe33a6\" data-element_type=\"section\" data-e-type=\"section\">\n\t\t\t\t\t\t<div class=\"elementor-container elementor-column-gap-default\">\n\t\t\t\t\t<div class=\"elementor-column elementor-col-50 elementor-top-column elementor-element elementor-element-2318f44\" data-id=\"2318f44\" data-element_type=\"column\" data-e-type=\"column\">\n\t\t\t<div class=\"elementor-widget-wrap elementor-element-populated\">\n\t\t\t\t\t\t<div class=\"elementor-element elementor-element-6a679c3 elementor-widget elementor-widget-image\" data-id=\"6a679c3\" data-element_type=\"widget\" data-e-type=\"widget\" data-widget_type=\"image.default\">\n\t\t\t\t<div class=\"elementor-widget-container\">\n\t\t\t\t\t\t\t\t\t\t\t\t\t\t\t<img fetchpriority=\"high\" decoding=\"async\" width=\"640\" height=\"427\" src=\"https:\/\/www.gotosito.it\/wp-content\/uploads\/2022\/10\/DSD_7335dxp-1024x683.jpg\" class=\"attachment-large size-large wp-image-2766\" alt=\"\" srcset=\"https:\/\/www.gotosito.it\/wp-content\/uploads\/2022\/10\/DSD_7335dxp-1024x683.jpg 1024w, https:\/\/www.gotosito.it\/wp-content\/uploads\/2022\/10\/DSD_7335dxp-300x200.jpg 300w, https:\/\/www.gotosito.it\/wp-content\/uploads\/2022\/10\/DSD_7335dxp-768x512.jpg 768w, https:\/\/www.gotosito.it\/wp-content\/uploads\/2022\/10\/DSD_7335dxp-1536x1025.jpg 1536w, https:\/\/www.gotosito.it\/wp-content\/uploads\/2022\/10\/DSD_7335dxp-2048x1366.jpg 2048w\" sizes=\"(max-width: 640px) 100vw, 640px\" \/>\t\t\t\t\t\t\t\t\t\t\t\t\t\t\t<\/div>\n\t\t\t\t<\/div>\n\t\t\t\t\t<\/div>\n\t\t<\/div>\n\t\t\t\t<div class=\"elementor-column elementor-col-50 elementor-top-column elementor-element elementor-element-1aa9e08\" data-id=\"1aa9e08\" data-element_type=\"column\" data-e-type=\"column\">\n\t\t\t<div class=\"elementor-widget-wrap elementor-element-populated\">\n\t\t\t\t\t\t<div class=\"elementor-element elementor-element-96e7591 elementor-widget elementor-widget-text-editor\" data-id=\"96e7591\" data-element_type=\"widget\" data-e-type=\"widget\" data-widget_type=\"text-editor.default\">\n\t\t\t\t<div class=\"elementor-widget-container\">\n\t\t\t\t\t\t\t\t\t<p>Amuninni ist sizilianisch und hei\u00dft \u201cLass uns gehen\u201d: Auf geht es mit GotoSito und wir entdecken neue Emotionen. Auf dieser Website findest du au\u00dfergew\u00f6hnliche touristische Gesamtpakete f\u00fcr kleine Gruppen (ab 6 Personen), begleitet von unseren \u00f6rtlichen Reiseleitern. Besuche mit uns die sonnige Insel im Mittelmeer und tauche ein in die Kultur, die Kunst, die Geschichte, die K\u00fcche und die Natur der gr\u00f6\u00dften Mittelmeerinsel. Wir sind stolz auf unsere Reisen, unsere Ausfl\u00fcge und unsere Themenreisen, die auf der Basis unserer jahrzehntelangen Erfahrungen in der Touristikbranche entstanden sind. Sie sind ma\u00dfgeschneidert f\u00fcr die Menschen, die die Herzlichkeit und die Gastfreundschaft der Sizilianer direkt, von Mensch zu Mensch, erleben m\u00f6chten.<\/p><p>Seit Jahrzehnten schickt GotoSito G\u00e4ste aus der ganzen Welt auf Reisen. Unser Leitspruch ist: \u201cReisen von Mensch zu Mensch\u201d: mit uns buchst du eine Rundreise, einen Ausflug oder auch eine Fahrradtour, inklusive der Unterbringung im Hotel oder in ausgesuchten Ferienwohnungen. Du wirst von \u00f6rtlichen Experten gef\u00fchrt, die dir Dinge zeigen, die dir nur jemand kennen kann, der schon immer auf der Insel lebt und sie wie seine eigene Westentasche kennt. Deshalb von Mensch zu Mensch: weil du f\u00fcr uns wichtig bist!<\/p>\t\t\t\t\t\t\t\t<\/div>\n\t\t\t\t<\/div>\n\t\t\t\t\t<\/div>\n\t\t<\/div>\n\t\t\t\t\t<\/div>\n\t\t<\/section>\n\t\t\t\t<\/div>\n\t\t","protected":false},"excerpt":{"rendered":"<p>Amuninni ist sizilianisch und hei\u00dft \u201cLass uns gehen\u201d: Auf geht es mit GotoSito und wir entdecken neue Emotionen. Auf dieser Website findest du au\u00dfergew\u00f6hnliche touristische Gesamtpakete f\u00fcr kleine Gruppen (ab 6 Personen), begleitet von unseren \u00f6rtlichen Reiseleitern. Besuche mit uns die sonnige Insel im Mittelmeer und tauche ein in die Kultur, die Kunst, die Geschichte, [&hellip;]<\/p>\n","protected":false},"author":1,"featured_media":3897,"parent":0,"menu_order":0,"comment_status":"closed","ping_status":"closed","template":"elementor_header_footer","meta":{"footnotes":""},"class_list":["post-3319","page","type-page","status-publish","has-post-thumbnail","hentry"],"_links":{"self":[{"href":"https:\/\/www.gotosito.it\/index.php\/wp-json\/wp\/v2\/pages\/3319","targetHints":{"allow":["GET"]}}],"collection":[{"href":"https:\/\/www.gotosito.it\/index.php\/wp-json\/wp\/v2\/pages"}],"about":[{"href":"https:\/\/www.gotosito.it\/index.php\/wp-json\/wp\/v2\/types\/page"}],"author":[{"embeddable":true,"href":"https:\/\/www.gotosito.it\/index.php\/wp-json\/wp\/v2\/users\/1"}],"replies":[{"embeddable":true,"href":"https:\/\/www.gotosito.it\/index.php\/wp-json\/wp\/v2\/comments?post=3319"}],"version-history":[{"count":10,"href":"https:\/\/www.gotosito.it\/index.php\/wp-json\/wp\/v2\/pages\/3319\/revisions"}],"predecessor-version":[{"id":5106,"href":"https:\/\/www.gotosito.it\/index.php\/wp-json\/wp\/v2\/pages\/3319\/revisions\/5106"}],"wp:featuredmedia":[{"embeddable":true,"href":"https:\/\/www.gotosito.it\/index.php\/wp-json\/wp\/v2\/media\/3897"}],"wp:attachment":[{"href":"https:\/\/www.gotosito.it\/index.php\/wp-json\/wp\/v2\/media?parent=3319"}],"curies":[{"name":"wp","href":"https:\/\/api.w.org\/{rel}","templated":true}]}}