{"id":3317,"date":"2022-11-02T11:37:22","date_gmt":"2022-11-02T10:37:22","guid":{"rendered":"https:\/\/www.gotosito.it\/?page_id=3317"},"modified":"2022-11-03T18:53:54","modified_gmt":"2022-11-03T17:53:54","slug":"qui-nous-sommes","status":"publish","type":"page","link":"https:\/\/www.gotosito.it\/index.php\/es\/qui-nous-sommes\/","title":{"rendered":"Qui nous sommes"},"content":{"rendered":"\t\t<div data-elementor-type=\"wp-page\" data-elementor-id=\"3317\" class=\"elementor elementor-3317\">\n\t\t\t\t\t\t<section class=\"elementor-section elementor-top-section elementor-element elementor-element-b751fe2 elementor-section-full_width elementor-section-height-default elementor-section-height-default\" data-id=\"b751fe2\" data-element_type=\"section\" data-e-type=\"section\">\n\t\t\t\t\t\t<div class=\"elementor-container elementor-column-gap-no\">\n\t\t\t\t\t<div class=\"elementor-column elementor-col-100 elementor-top-column elementor-element elementor-element-4cbceff\" data-id=\"4cbceff\" data-element_type=\"column\" data-e-type=\"column\">\n\t\t\t<div class=\"elementor-widget-wrap\">\n\t\t\t\t\t\t\t<\/div>\n\t\t<\/div>\n\t\t\t\t\t<\/div>\n\t\t<\/section>\n\t\t\t\t<section class=\"elementor-section elementor-top-section elementor-element elementor-element-2803ecd elementor-section-full_width elementor-section-height-default elementor-section-height-default\" data-id=\"2803ecd\" data-element_type=\"section\" data-e-type=\"section\">\n\t\t\t\t\t\t<div class=\"elementor-container elementor-column-gap-no\">\n\t\t\t\t\t<div class=\"elementor-column elementor-col-100 elementor-top-column elementor-element elementor-element-bd47f0c\" data-id=\"bd47f0c\" data-element_type=\"column\" data-e-type=\"column\">\n\t\t\t<div class=\"elementor-widget-wrap\">\n\t\t\t\t\t\t\t<\/div>\n\t\t<\/div>\n\t\t\t\t\t<\/div>\n\t\t<\/section>\n\t\t\t\t<section class=\"elementor-section elementor-top-section elementor-element elementor-element-000552c elementor-section-boxed elementor-section-height-default elementor-section-height-default\" data-id=\"000552c\" data-element_type=\"section\" data-e-type=\"section\">\n\t\t\t\t\t\t<div class=\"elementor-container elementor-column-gap-default\">\n\t\t\t\t\t<div class=\"elementor-column elementor-col-50 elementor-top-column elementor-element elementor-element-dcc214e\" data-id=\"dcc214e\" data-element_type=\"column\" data-e-type=\"column\">\n\t\t\t<div class=\"elementor-widget-wrap elementor-element-populated\">\n\t\t\t\t\t\t<div class=\"elementor-element elementor-element-bf7efb8 elementor-widget elementor-widget-image\" data-id=\"bf7efb8\" data-element_type=\"widget\" data-e-type=\"widget\" data-widget_type=\"image.default\">\n\t\t\t\t<div class=\"elementor-widget-container\">\n\t\t\t\t\t\t\t\t\t\t\t\t\t\t\t<img fetchpriority=\"high\" decoding=\"async\" width=\"640\" height=\"480\" src=\"https:\/\/www.gotosito.it\/wp-content\/uploads\/2022\/10\/PICT0013-1-1024x768.jpg\" class=\"attachment-large size-large wp-image-2894\" alt=\"\" srcset=\"https:\/\/www.gotosito.it\/wp-content\/uploads\/2022\/10\/PICT0013-1-1024x768.jpg 1024w, https:\/\/www.gotosito.it\/wp-content\/uploads\/2022\/10\/PICT0013-1-300x225.jpg 300w, https:\/\/www.gotosito.it\/wp-content\/uploads\/2022\/10\/PICT0013-1-768x576.jpg 768w, https:\/\/www.gotosito.it\/wp-content\/uploads\/2022\/10\/PICT0013-1-1536x1152.jpg 1536w, https:\/\/www.gotosito.it\/wp-content\/uploads\/2022\/10\/PICT0013-1.jpg 2048w\" sizes=\"(max-width: 640px) 100vw, 640px\" \/>\t\t\t\t\t\t\t\t\t\t\t\t\t\t\t<\/div>\n\t\t\t\t<\/div>\n\t\t\t\t\t<\/div>\n\t\t<\/div>\n\t\t\t\t<div class=\"elementor-column elementor-col-50 elementor-top-column elementor-element elementor-element-6e19914\" data-id=\"6e19914\" data-element_type=\"column\" data-e-type=\"column\">\n\t\t\t<div class=\"elementor-widget-wrap elementor-element-populated\">\n\t\t\t\t\t\t<div class=\"elementor-element elementor-element-6d670b2 elementor-widget elementor-widget-text-editor\" data-id=\"6d670b2\" data-element_type=\"widget\" data-e-type=\"widget\" data-widget_type=\"text-editor.default\">\n\t\t\t\t<div class=\"elementor-widget-container\">\n\t\t\t\t\t\t\t\t\t<p>Amuninni en siciliano quiere decir \u201cvamos\u201d: aminunni juntos a GOTO SITO para descubrir nuevas emociones.<\/p><p>Encontrar\u00e1s excepcionales paquetes tur\u00edsticos completos, con gu\u00edas locales, para peque\u00f1os grupos a partir de 6 personas. Estamos orgullosos de nuestros tours, excursiones y viajes tem\u00e1ticos seleccionados con cura para los turistas que quieren vivir directamente el calor y la hospitalidad siciliana, \u201cde persona a persona\u201d. Visita la soleada isla mayor del Mediterr\u00e1neo y sum\u00e9rgete en la cultura, en la historia, en la gastronom\u00eda y en la maravillosa natura, acompa\u00f1ado por nuestros expertos gu\u00edas locales.<\/p><p>Somos sicilianos que aman compartir el amor por nuestra tierra de origen: Goto Sito hace viajar desde hace d\u00e9cadas visitantes de todo el mundo en nuestra maravillosa isla. Nuestro eslogan es: \u201cViaje dedicado de persona a persona\u201d. Reserva con nosotros un tour, una excursi\u00f3n o un viaje en bicicleta, con hotel o apartamientos seleccionados. Durante tu estancia, ser\u00e1s guiado por expertos locales que te cuidar\u00e1n como parte de su familia y te mostrar\u00e1n cosas que solo quien vive desde siempre en la isla conoce bien. \u00bfPor qu\u00e9 dedicado? Porque para nosotros eres importante t\u00fa, el viajador.<\/p><p>\u00a0<\/p>\t\t\t\t\t\t\t\t<\/div>\n\t\t\t\t<\/div>\n\t\t\t\t\t<\/div>\n\t\t<\/div>\n\t\t\t\t\t<\/div>\n\t\t<\/section>\n\t\t\t\t<\/div>\n\t\t","protected":false},"excerpt":{"rendered":"<p>Amuninni en siciliano quiere decir \u201cvamos\u201d: aminunni juntos a GOTO SITO para descubrir nuevas emociones. Encontrar\u00e1s excepcionales paquetes tur\u00edsticos completos, con gu\u00edas locales, para peque\u00f1os grupos a partir de 6 personas. Estamos orgullosos de nuestros tours, excursiones y viajes tem\u00e1ticos seleccionados con cura para los turistas que quieren vivir directamente el calor y la hospitalidad [&hellip;]<\/p>\n","protected":false},"author":1,"featured_media":3897,"parent":0,"menu_order":0,"comment_status":"closed","ping_status":"closed","template":"elementor_header_footer","meta":{"footnotes":""},"class_list":["post-3317","page","type-page","status-publish","has-post-thumbnail","hentry"],"_links":{"self":[{"href":"https:\/\/www.gotosito.it\/index.php\/wp-json\/wp\/v2\/pages\/3317","targetHints":{"allow":["GET"]}}],"collection":[{"href":"https:\/\/www.gotosito.it\/index.php\/wp-json\/wp\/v2\/pages"}],"about":[{"href":"https:\/\/www.gotosito.it\/index.php\/wp-json\/wp\/v2\/types\/page"}],"author":[{"embeddable":true,"href":"https:\/\/www.gotosito.it\/index.php\/wp-json\/wp\/v2\/users\/1"}],"replies":[{"embeddable":true,"href":"https:\/\/www.gotosito.it\/index.php\/wp-json\/wp\/v2\/comments?post=3317"}],"version-history":[{"count":5,"href":"https:\/\/www.gotosito.it\/index.php\/wp-json\/wp\/v2\/pages\/3317\/revisions"}],"predecessor-version":[{"id":5094,"href":"https:\/\/www.gotosito.it\/index.php\/wp-json\/wp\/v2\/pages\/3317\/revisions\/5094"}],"wp:featuredmedia":[{"embeddable":true,"href":"https:\/\/www.gotosito.it\/index.php\/wp-json\/wp\/v2\/media\/3897"}],"wp:attachment":[{"href":"https:\/\/www.gotosito.it\/index.php\/wp-json\/wp\/v2\/media?parent=3317"}],"curies":[{"name":"wp","href":"https:\/\/api.w.org\/{rel}","templated":true}]}}